{"id":1834,"date":"2023-06-04T20:00:27","date_gmt":"2023-06-04T18:00:27","guid":{"rendered":"https:\/\/www.transplantacevlasuturecko.cz\/?page_id=1834"},"modified":"2023-06-04T21:16:13","modified_gmt":"2023-06-04T19:16:13","slug":"rezensionen","status":"publish","type":"page","link":"https:\/\/www.transplantacevlasuturecko.cz\/de\/rezensionen\/","title":{"rendered":"Rezensionen"},"content":{"rendered":"","protected":false},"excerpt":{"rendered":"","protected":false},"author":4,"featured_media":0,"parent":0,"menu_order":0,"comment_status":"closed","ping_status":"closed","template":"recenze.php","meta":{"inline_featured_image":false,"footnotes":""},"acf":[],"yoast_head":"<!-- This site is optimized with the Yoast SEO plugin v22.4 - https:\/\/yoast.com\/wordpress\/plugins\/seo\/ -->\n<title>Rezensionen - Transplantace vlas\u016f<\/title>\n<meta name=\"robots\" content=\"index, follow, max-snippet:-1, max-image-preview:large, max-video-preview:-1\" \/>\n<link rel=\"canonical\" href=\"https:\/\/www.transplantacevlasuturecko.cz\/recenze-klientu\/\" \/>\n<meta property=\"og:locale\" content=\"de_DE\" \/>\n<meta property=\"og:type\" content=\"article\" \/>\n<meta property=\"og:title\" content=\"Rezensionen - Transplantace vlas\u016f\" \/>\n<meta property=\"og:url\" content=\"https:\/\/www.transplantacevlasuturecko.cz\/recenze-klientu\/\" \/>\n<meta property=\"og:site_name\" content=\"Transplantace vlas\u016f\" \/>\n<meta property=\"article:modified_time\" content=\"2023-06-04T19:16:13+00:00\" \/>\n<meta name=\"twitter:card\" content=\"summary_large_image\" \/>\n<script type=\"application\/ld+json\" class=\"yoast-schema-graph\">{\"@context\":\"https:\/\/schema.org\",\"@graph\":[{\"@type\":\"WebPage\",\"@id\":\"https:\/\/www.transplantacevlasuturecko.cz\/recenze-klientu\/\",\"url\":\"https:\/\/www.transplantacevlasuturecko.cz\/recenze-klientu\/\",\"name\":\"Rezensionen - Transplantace vlas\u016f\",\"isPartOf\":{\"@id\":\"https:\/\/www.transplantacevlasuturecko.cz\/#website\"},\"datePublished\":\"2023-06-04T18:00:27+00:00\",\"dateModified\":\"2023-06-04T19:16:13+00:00\",\"breadcrumb\":{\"@id\":\"https:\/\/www.transplantacevlasuturecko.cz\/recenze-klientu\/#breadcrumb\"},\"inLanguage\":\"de-DE\",\"potentialAction\":[{\"@type\":\"ReadAction\",\"target\":[\"https:\/\/www.transplantacevlasuturecko.cz\/recenze-klientu\/\"]}]},{\"@type\":\"BreadcrumbList\",\"@id\":\"https:\/\/www.transplantacevlasuturecko.cz\/recenze-klientu\/#breadcrumb\",\"itemListElement\":[{\"@type\":\"ListItem\",\"position\":1,\"name\":\"Dom\u016f\",\"item\":\"https:\/\/www.transplantacevlasuturecko.cz\/\"},{\"@type\":\"ListItem\",\"position\":2,\"name\":\"Rezensionen\"}]},{\"@type\":\"WebSite\",\"@id\":\"https:\/\/www.transplantacevlasuturecko.cz\/#website\",\"url\":\"https:\/\/www.transplantacevlasuturecko.cz\/\",\"name\":\"Transplantace vlas\u016f\",\"description\":\"zbavte se \u0159\u00eddnut\u00ed vlas\u016f\",\"potentialAction\":[{\"@type\":\"SearchAction\",\"target\":{\"@type\":\"EntryPoint\",\"urlTemplate\":\"https:\/\/www.transplantacevlasuturecko.cz\/?s={search_term_string}\"},\"query-input\":\"required name=search_term_string\"}],\"inLanguage\":\"de-DE\"}]}<\/script>\n<!-- \/ Yoast SEO plugin. -->","yoast_head_json":{"title":"Rezensionen - Transplantace vlas\u016f","robots":{"index":"index","follow":"follow","max-snippet":"max-snippet:-1","max-image-preview":"max-image-preview:large","max-video-preview":"max-video-preview:-1"},"canonical":"https:\/\/www.transplantacevlasuturecko.cz\/recenze-klientu\/","og_locale":"de_DE","og_type":"article","og_title":"Rezensionen - Transplantace vlas\u016f","og_url":"https:\/\/www.transplantacevlasuturecko.cz\/recenze-klientu\/","og_site_name":"Transplantace vlas\u016f","article_modified_time":"2023-06-04T19:16:13+00:00","twitter_card":"summary_large_image","schema":{"@context":"https:\/\/schema.org","@graph":[{"@type":"WebPage","@id":"https:\/\/www.transplantacevlasuturecko.cz\/recenze-klientu\/","url":"https:\/\/www.transplantacevlasuturecko.cz\/recenze-klientu\/","name":"Rezensionen - Transplantace vlas\u016f","isPartOf":{"@id":"https:\/\/www.transplantacevlasuturecko.cz\/#website"},"datePublished":"2023-06-04T18:00:27+00:00","dateModified":"2023-06-04T19:16:13+00:00","breadcrumb":{"@id":"https:\/\/www.transplantacevlasuturecko.cz\/recenze-klientu\/#breadcrumb"},"inLanguage":"de-DE","potentialAction":[{"@type":"ReadAction","target":["https:\/\/www.transplantacevlasuturecko.cz\/recenze-klientu\/"]}]},{"@type":"BreadcrumbList","@id":"https:\/\/www.transplantacevlasuturecko.cz\/recenze-klientu\/#breadcrumb","itemListElement":[{"@type":"ListItem","position":1,"name":"Dom\u016f","item":"https:\/\/www.transplantacevlasuturecko.cz\/"},{"@type":"ListItem","position":2,"name":"Rezensionen"}]},{"@type":"WebSite","@id":"https:\/\/www.transplantacevlasuturecko.cz\/#website","url":"https:\/\/www.transplantacevlasuturecko.cz\/","name":"Transplantace vlas\u016f","description":"zbavte se \u0159\u00eddnut\u00ed vlas\u016f","potentialAction":[{"@type":"SearchAction","target":{"@type":"EntryPoint","urlTemplate":"https:\/\/www.transplantacevlasuturecko.cz\/?s={search_term_string}"},"query-input":"required name=search_term_string"}],"inLanguage":"de-DE"}]}},"_links":{"self":[{"href":"https:\/\/www.transplantacevlasuturecko.cz\/de\/wp-json\/wp\/v2\/pages\/1834"}],"collection":[{"href":"https:\/\/www.transplantacevlasuturecko.cz\/de\/wp-json\/wp\/v2\/pages"}],"about":[{"href":"https:\/\/www.transplantacevlasuturecko.cz\/de\/wp-json\/wp\/v2\/types\/page"}],"author":[{"embeddable":true,"href":"https:\/\/www.transplantacevlasuturecko.cz\/de\/wp-json\/wp\/v2\/users\/4"}],"replies":[{"embeddable":true,"href":"https:\/\/www.transplantacevlasuturecko.cz\/de\/wp-json\/wp\/v2\/comments?post=1834"}],"version-history":[{"count":1,"href":"https:\/\/www.transplantacevlasuturecko.cz\/de\/wp-json\/wp\/v2\/pages\/1834\/revisions"}],"predecessor-version":[{"id":1844,"href":"https:\/\/www.transplantacevlasuturecko.cz\/de\/wp-json\/wp\/v2\/pages\/1834\/revisions\/1844"}],"wp:attachment":[{"href":"https:\/\/www.transplantacevlasuturecko.cz\/de\/wp-json\/wp\/v2\/media?parent=1834"}],"curies":[{"name":"wp","href":"https:\/\/api.w.org\/{rel}","templated":true}]}}